{"id":1046,"date":"2017-06-02T17:02:48","date_gmt":"2017-06-02T17:02:48","guid":{"rendered":"http:\/\/www.escuelalabase.com\/alquiler-de-equipos\/"},"modified":"2022-05-27T10:39:05","modified_gmt":"2022-05-27T13:39:05","slug":"alquiler-de-equipos","status":"publish","type":"page","link":"https:\/\/www.escuelalabase.com\/pt-br\/alquiler-de-equipos\/","title":{"rendered":"Aluguel de equipamentos"},"content":{"rendered":"<\/div><\/div><\/div><!-- close content main div --><\/div><\/div><div id='av_section_1' class='avia-section main_color avia-section-small avia-no-shadow avia-bg-style-scroll  container_wrap fullsize' style = 'background-color: #0094d1; '  ><div class='container' ><div class='template-page content  av-content-full alpha units'><div class='post-entry post-entry-type-page post-entry-1046'><div class='entry-content-wrapper clearfix'>\n<section class=\"av_textblock_section\"  itemscope=\"itemscope\" itemtype=\"https:\/\/schema.org\/CreativeWork\" ><div class='avia_textblock  av_inherit_color'  style='font-size:30px; color:#ffffff; '  itemprop=\"text\" ><h2 style=\"text-align: center;\">ALUGUEL DE EQUIPAMENTOS<\/h2>\n<\/div><\/section>\n\n<\/div><\/div><\/div><!-- close content main div --><\/div><\/div><div id='av-layout-grid-1' class='av-layout-grid-container entry-content-wrapper main_color av-flex-cells av-border-top-bottom container_wrap fullsize'   >\n<div class=\"flex_cell no_margin av_one_half   \" style='height:550px; min-height:550px;background-image:url(https:\/\/www.escuelalabase.com\/web\/wp-content\/uploads\/2017\/06\/dest-9.jpg); background-position:center center; background-repeat:no-repeat; background-attachment:scroll; vertical-align:top; padding:30px; '><div class='flex_cell_inner' ><\/div><\/div><div class=\"flex_cell no_margin av_one_half   \" style='height:550px; min-height:550px;vertical-align:top; padding:30px 130px 30px 30px ; background-color:#e3e6e8; '><div class='flex_cell_inner' ><section class=\"av_textblock_section\"  itemscope=\"itemscope\" itemtype=\"https:\/\/schema.org\/CreativeWork\" ><div class='avia_textblock  av_inherit_color'  style='font-size:17px; color:#000000; '  itemprop=\"text\" ><p class=\"p1\"><span class=\"s1\">Nosso Local se encontra estrategicamente localizado no acesso das pistas do Cerro Catedral, em frente ao estacionamento, dentro do Complexo La Base. <\/span><\/p>\n<p class=\"p1\"><span class=\"s1\">Contamos com uma ampla variedade de equipamentos de ski e snowboard de ultima gera\u00e7\u00e3o. Recentemente temos o pessoal de aten\u00e7\u00e3o ao cliente para facilitar e acelerar o tempo de equipagem por pessoa.<\/span><\/p>\n<p class=\"p1\"><span class=\"s1\">Oferecemos um servi\u00e7o personalizado que te da maior seguran\u00e7a, j\u00e1 que nosso pessoal altamente capacitado, lhe aconselhar\u00e1 e ajudar\u00e1 na sele\u00e7\u00e3o do melhor equipamento de acordo com seu n\u00edvel de ski.<\/span><\/p>\n<p class=\"p1\"><strong><span class=\"s1\">Contamos tamb\u00e9m com equipamento de alto n\u00edvel para aqueles que buscam \u201calgo a mais\u201d em rela\u00e7\u00e3o ao equipamento.<\/span><\/strong><\/p>\n<p class=\"p1\"><span class=\"s1\">Nosso edif\u00edcio conta com Lockers \u2013 arm\u00e1rios que se encontram a disposi\u00e7\u00e3o de nossos clientes.<\/span><\/p>\n<\/div><\/section>\n<\/div><\/div>\n<\/div>\n<\/div><\/div><\/div><!-- close content main div --><\/div><\/div><div id='av_section_2' class='avia-section main_color avia-section-default avia-no-border-styling avia-bg-style-scroll  container_wrap fullsize' style = 'background-color: #ffffff; '  ><div class='container' ><div class='template-page content  av-content-full alpha units'><div class='post-entry post-entry-type-page post-entry-1046'><div class='entry-content-wrapper clearfix'>\n<div style='padding-bottom:10px;color:#005985;font-size:30px;' class='av-special-heading av-special-heading-h2 custom-color-heading blockquote modern-quote modern-centered  av-inherit-size'><h2 class='av-special-heading-tag'  itemprop=\"headline\"  >GALERIA DE FOTOS<\/h2><div class='special-heading-border'><div class='special-heading-inner-border' style='border-color:#005985'><\/div><\/div><\/div>\n<div style=' margin-top:0px; margin-bottom:30px;'  class='hr hr-custom hr-center hr-icon-no '><span class='hr-inner   inner-border-av-border-fat' style=' width:50px; border-color:#0094d1;' ><span class='hr-inner-style'><\/span><\/span><\/div>\n<div id='av-masonry-1' class='av-masonry noHover av-flex-size av-1px-gap av-hover-overlay- av-masonry-col-5 av-caption-always av-caption-style- av-masonry-gallery  ' style='background-color:#ffffff; ' ><div class='av-masonry-container isotope av-js-disabled ' ><div class='av-masonry-entry isotope-item av-masonry-item-no-image '><\/div><a href=\"https:\/\/www.escuelalabase.com\/web\/wp-content\/uploads\/2017\/06\/1.jpg\" id='av-masonry-1-item-1049' data-av-masonry-item='1049' class='av-masonry-entry isotope-item post-1049 attachment type-attachment status-inherit hentry  av-masonry-item-with-image' title=\"\"  itemprop=\"thumbnailUrl\" ><div class='av-inner-masonry-sizer'><\/div><figure class='av-inner-masonry main_color'><div class=\"av-masonry-outerimage-container\"><div class=\"av-masonry-image-container\" style=\"background-image: url(https:\/\/www.escuelalabase.com\/web\/wp-content\/uploads\/2017\/06\/1-705x529.jpg);\"><img decoding=\"async\" src=\"https:\/\/www.escuelalabase.com\/web\/wp-content\/uploads\/2017\/06\/1-705x529.jpg\" title=\"Alquiler de Equipos de Ski &#038; Snowboard\" alt=\"\" \/><\/div><\/div><\/figure><\/a><!--end av-masonry entry--><a href=\"https:\/\/www.escuelalabase.com\/web\/wp-content\/uploads\/2017\/06\/2.jpg\" id='av-masonry-1-item-1050' data-av-masonry-item='1050' class='av-masonry-entry isotope-item post-1050 attachment type-attachment status-inherit hentry  av-masonry-item-with-image' title=\"\"  itemprop=\"thumbnailUrl\" ><div class='av-inner-masonry-sizer'><\/div><figure class='av-inner-masonry main_color'><div class=\"av-masonry-outerimage-container\"><div class=\"av-masonry-image-container\" style=\"background-image: url(https:\/\/www.escuelalabase.com\/web\/wp-content\/uploads\/2017\/06\/2-705x529.jpg);\"><img decoding=\"async\" src=\"https:\/\/www.escuelalabase.com\/web\/wp-content\/uploads\/2017\/06\/2-705x529.jpg\" title=\"Alquiler de Equipos de Ski &#038; Snowboard\" alt=\"\" \/><\/div><\/div><\/figure><\/a><!--end av-masonry entry--><a href=\"https:\/\/www.escuelalabase.com\/web\/wp-content\/uploads\/2017\/06\/3.jpg\" id='av-masonry-1-item-1051' data-av-masonry-item='1051' class='av-masonry-entry isotope-item post-1051 attachment type-attachment status-inherit hentry  av-masonry-item-with-image' title=\"\"  itemprop=\"thumbnailUrl\" ><div class='av-inner-masonry-sizer'><\/div><figure class='av-inner-masonry main_color'><div class=\"av-masonry-outerimage-container\"><div class=\"av-masonry-image-container\" style=\"background-image: url(https:\/\/www.escuelalabase.com\/web\/wp-content\/uploads\/2017\/06\/3-705x529.jpg);\"><img decoding=\"async\" src=\"https:\/\/www.escuelalabase.com\/web\/wp-content\/uploads\/2017\/06\/3-705x529.jpg\" title=\"Alquiler de Equipos de Ski &#038; Snowboard\" alt=\"\" \/><\/div><\/div><\/figure><\/a><!--end av-masonry entry--><a href=\"https:\/\/www.escuelalabase.com\/web\/wp-content\/uploads\/2017\/06\/4.jpg\" id='av-masonry-1-item-1052' data-av-masonry-item='1052' class='av-masonry-entry isotope-item post-1052 attachment type-attachment status-inherit hentry  av-masonry-item-with-image' title=\"\"  itemprop=\"thumbnailUrl\" ><div class='av-inner-masonry-sizer'><\/div><figure class='av-inner-masonry main_color'><div class=\"av-masonry-outerimage-container\"><div class=\"av-masonry-image-container\" style=\"background-image: url(https:\/\/www.escuelalabase.com\/web\/wp-content\/uploads\/2017\/06\/4-705x529.jpg);\"><img decoding=\"async\" src=\"https:\/\/www.escuelalabase.com\/web\/wp-content\/uploads\/2017\/06\/4-705x529.jpg\" title=\"Alquiler de Equipos de Ski &#038; Snowboard\" alt=\"\" \/><\/div><\/div><\/figure><\/a><!--end av-masonry entry--><a href=\"https:\/\/www.escuelalabase.com\/web\/wp-content\/uploads\/2017\/06\/5.jpg\" id='av-masonry-1-item-1053' data-av-masonry-item='1053' class='av-masonry-entry isotope-item post-1053 attachment type-attachment status-inherit hentry  av-masonry-item-with-image' title=\"\"  itemprop=\"thumbnailUrl\" ><div class='av-inner-masonry-sizer'><\/div><figure class='av-inner-masonry main_color'><div class=\"av-masonry-outerimage-container\"><div class=\"av-masonry-image-container\" style=\"background-image: url(https:\/\/www.escuelalabase.com\/web\/wp-content\/uploads\/2017\/06\/5-705x529.jpg);\"><img decoding=\"async\" src=\"https:\/\/www.escuelalabase.com\/web\/wp-content\/uploads\/2017\/06\/5-705x529.jpg\" title=\"Alquiler de Equipos de Ski &#038; Snowboard\" alt=\"\" \/><\/div><\/div><\/figure><\/a><!--end av-masonry entry--><a href=\"https:\/\/www.escuelalabase.com\/web\/wp-content\/uploads\/2017\/06\/6.jpg\" id='av-masonry-1-item-1054' data-av-masonry-item='1054' class='av-masonry-entry isotope-item post-1054 attachment type-attachment status-inherit hentry  av-masonry-item-with-image' title=\"\"  itemprop=\"thumbnailUrl\" ><div class='av-inner-masonry-sizer'><\/div><figure class='av-inner-masonry main_color'><div class=\"av-masonry-outerimage-container\"><div class=\"av-masonry-image-container\" style=\"background-image: url(https:\/\/www.escuelalabase.com\/web\/wp-content\/uploads\/2017\/06\/6-705x529.jpg);\"><img decoding=\"async\" src=\"https:\/\/www.escuelalabase.com\/web\/wp-content\/uploads\/2017\/06\/6-705x529.jpg\" title=\"Alquiler de Equipos de Ski &#038; Snowboard\" alt=\"\" \/><\/div><\/div><\/figure><\/a><!--end av-masonry entry--><a href=\"https:\/\/www.escuelalabase.com\/web\/wp-content\/uploads\/2017\/06\/7.jpg\" id='av-masonry-1-item-1055' data-av-masonry-item='1055' class='av-masonry-entry isotope-item post-1055 attachment type-attachment status-inherit hentry  av-masonry-item-with-image' title=\"\"  itemprop=\"thumbnailUrl\" ><div class='av-inner-masonry-sizer'><\/div><figure class='av-inner-masonry main_color'><div class=\"av-masonry-outerimage-container\"><div class=\"av-masonry-image-container\" style=\"background-image: url(https:\/\/www.escuelalabase.com\/web\/wp-content\/uploads\/2017\/06\/7-705x529.jpg);\"><img decoding=\"async\" src=\"https:\/\/www.escuelalabase.com\/web\/wp-content\/uploads\/2017\/06\/7-705x529.jpg\" title=\"Alquiler de Equipos de Ski &#038; Snowboard\" alt=\"\" \/><\/div><\/div><\/figure><\/a><!--end av-masonry entry--><a href=\"https:\/\/www.escuelalabase.com\/web\/wp-content\/uploads\/2017\/06\/8.jpg\" id='av-masonry-1-item-1056' data-av-masonry-item='1056' class='av-masonry-entry isotope-item post-1056 attachment type-attachment status-inherit hentry  av-masonry-item-with-image' title=\"\"  itemprop=\"thumbnailUrl\" ><div class='av-inner-masonry-sizer'><\/div><figure class='av-inner-masonry main_color'><div class=\"av-masonry-outerimage-container\"><div class=\"av-masonry-image-container\" style=\"background-image: url(https:\/\/www.escuelalabase.com\/web\/wp-content\/uploads\/2017\/06\/8-705x529.jpg);\"><img decoding=\"async\" src=\"https:\/\/www.escuelalabase.com\/web\/wp-content\/uploads\/2017\/06\/8-705x529.jpg\" title=\"Alquiler de Equipos de Ski &#038; Snowboard\" alt=\"\" \/><\/div><\/div><\/figure><\/a><!--end av-masonry entry--><a href=\"https:\/\/www.escuelalabase.com\/web\/wp-content\/uploads\/2017\/06\/9.jpg\" id='av-masonry-1-item-1057' data-av-masonry-item='1057' class='av-masonry-entry isotope-item post-1057 attachment type-attachment status-inherit hentry  av-masonry-item-with-image' title=\"\"  itemprop=\"thumbnailUrl\" ><div class='av-inner-masonry-sizer'><\/div><figure class='av-inner-masonry main_color'><div class=\"av-masonry-outerimage-container\"><div class=\"av-masonry-image-container\" style=\"background-image: url(https:\/\/www.escuelalabase.com\/web\/wp-content\/uploads\/2017\/06\/9-705x529.jpg);\"><img decoding=\"async\" src=\"https:\/\/www.escuelalabase.com\/web\/wp-content\/uploads\/2017\/06\/9-705x529.jpg\" title=\"Alquiler de Equipos de Ski &#038; Snowboard\" alt=\"\" \/><\/div><\/div><\/figure><\/a><!--end av-masonry entry--><a href=\"https:\/\/www.escuelalabase.com\/web\/wp-content\/uploads\/2017\/06\/10.jpg\" id='av-masonry-1-item-1058' data-av-masonry-item='1058' class='av-masonry-entry isotope-item post-1058 attachment type-attachment status-inherit hentry  av-masonry-item-with-image' title=\"\"  itemprop=\"thumbnailUrl\" ><div class='av-inner-masonry-sizer'><\/div><figure class='av-inner-masonry main_color'><div class=\"av-masonry-outerimage-container\"><div class=\"av-masonry-image-container\" style=\"background-image: url(https:\/\/www.escuelalabase.com\/web\/wp-content\/uploads\/2017\/06\/10-705x529.jpg);\"><img decoding=\"async\" src=\"https:\/\/www.escuelalabase.com\/web\/wp-content\/uploads\/2017\/06\/10-705x529.jpg\" title=\"Alquiler de Equipos de Ski &#038; Snowboard\" alt=\"\" \/><\/div><\/div><\/figure><\/a><!--end av-masonry entry--><\/div><\/div>\n\n<div id='av-masonry-2' class='av-masonry noHover av-flex-size av-no-gap av-hover-overlay- av-masonry-col-5 av-caption-always av-caption-style- av-masonry-gallery  ' style='background-color:#ffffff; ' ><div class='av-masonry-container isotope av-js-disabled ' ><div class='av-masonry-entry isotope-item av-masonry-item-no-image '><\/div><a href=\"\/pt-br\/clases-exclusivas\/\" id='av-masonry-2-item-2686' data-av-masonry-item='2686' class='av-masonry-entry isotope-item post-2686 attachment type-attachment status-inherit hentry  av-masonry-item-with-image' title=\"\"  itemprop=\"thumbnailUrl\" ><div class='av-inner-masonry-sizer'><\/div><figure class='av-inner-masonry main_color'><div class=\"av-masonry-outerimage-container\"><div class=\"av-masonry-image-container\" style=\"background-image: url(https:\/\/www.escuelalabase.com\/web\/wp-content\/uploads\/2017\/06\/clases-exclusivas_ok.jpg);\"><img decoding=\"async\" src=\"https:\/\/www.escuelalabase.com\/web\/wp-content\/uploads\/2017\/06\/clases-exclusivas_ok.jpg\" title=\"clases-exclusivas_ok\" alt=\"\" \/><\/div><\/div><\/figure><\/a><!--end av-masonry entry--><a href=\"\/pt-br\/clases-semi-exclusivas\/\" id='av-masonry-2-item-2695' data-av-masonry-item='2695' class='av-masonry-entry isotope-item post-2695 attachment type-attachment status-inherit hentry  av-masonry-item-with-image' title=\"\"  itemprop=\"thumbnailUrl\" ><div class='av-inner-masonry-sizer'><\/div><figure class='av-inner-masonry main_color'><div class=\"av-masonry-outerimage-container\"><div class=\"av-masonry-image-container\" style=\"background-image: url(https:\/\/www.escuelalabase.com\/web\/wp-content\/uploads\/2017\/06\/clases-semi-ok.jpg);\"><img decoding=\"async\" src=\"https:\/\/www.escuelalabase.com\/web\/wp-content\/uploads\/2017\/06\/clases-semi-ok.jpg\" title=\"clases-semi-ok\" alt=\"\" \/><\/div><\/div><\/figure><\/a><!--end av-masonry entry--><a href=\"\/pt-br\/clases-la-base\/\" id='av-masonry-2-item-2692' data-av-masonry-item='2692' class='av-masonry-entry isotope-item post-2692 attachment type-attachment status-inherit hentry  av-masonry-item-with-image' title=\"\"  itemprop=\"thumbnailUrl\" ><div class='av-inner-masonry-sizer'><\/div><figure class='av-inner-masonry main_color'><div class=\"av-masonry-outerimage-container\"><div class=\"av-masonry-image-container\" style=\"background-image: url(https:\/\/www.escuelalabase.com\/web\/wp-content\/uploads\/2017\/06\/clases-labase_ok.jpg);\"><img decoding=\"async\" src=\"https:\/\/www.escuelalabase.com\/web\/wp-content\/uploads\/2017\/06\/clases-labase_ok.jpg\" title=\"clases-labase_ok\" alt=\"\" \/><\/div><\/div><\/figure><\/a><!--end av-masonry entry--><a href=\"\/pt-br\/la-base-infantil\/\" id='av-masonry-2-item-2698' data-av-masonry-item='2698' class='av-masonry-entry isotope-item post-2698 attachment type-attachment status-inherit hentry  av-masonry-item-with-image' title=\"\"  itemprop=\"thumbnailUrl\" ><div class='av-inner-masonry-sizer'><\/div><figure class='av-inner-masonry main_color'><div class=\"av-masonry-outerimage-container\"><div class=\"av-masonry-image-container\" style=\"background-image: url(https:\/\/www.escuelalabase.com\/web\/wp-content\/uploads\/2017\/06\/escuela_juvenil-ok.jpg);\"><img decoding=\"async\" src=\"https:\/\/www.escuelalabase.com\/web\/wp-content\/uploads\/2017\/06\/escuela_juvenil-ok.jpg\" title=\"escuela_juvenil-ok\" alt=\"\" \/><\/div><\/div><\/figure><\/a><!--end av-masonry entry--><a href=\"\/pt-br\/clinicas-free-ride\/\" id='av-masonry-2-item-2689' data-av-masonry-item='2689' class='av-masonry-entry isotope-item post-2689 attachment type-attachment status-inherit hentry  av-masonry-item-with-image' title=\"\"  itemprop=\"thumbnailUrl\" ><div class='av-inner-masonry-sizer'><\/div><figure class='av-inner-masonry main_color'><div class=\"av-masonry-outerimage-container\"><div class=\"av-masonry-image-container\" style=\"background-image: url(https:\/\/www.escuelalabase.com\/web\/wp-content\/uploads\/2017\/06\/clases-free_ok.jpg);\"><img decoding=\"async\" src=\"https:\/\/www.escuelalabase.com\/web\/wp-content\/uploads\/2017\/06\/clases-free_ok.jpg\" title=\"clases-free_ok\" alt=\"\" \/><\/div><\/div><\/figure><\/a><!--end av-masonry entry--><\/div><\/div>\n","protected":false},"excerpt":{"rendered":"","protected":false},"author":1,"featured_media":0,"parent":0,"menu_order":0,"comment_status":"closed","ping_status":"closed","template":"","meta":{"_joinchat":[],"footnotes":""},"class_list":["post-1046","page","type-page","status-publish","hentry"],"yoast_head":"<!-- This site is optimized with the Yoast SEO plugin v26.7 - https:\/\/yoast.com\/wordpress\/plugins\/seo\/ -->\n<title>La Base Escuela de Ski &amp; Snowboard - Alquiler de equipos<\/title>\n<meta name=\"description\" content=\"Nuestro local se encuentra ubicado en el acceso a las pistas del Cerro Catedral, frente a la playa de estacionamiento, dentro del Complejo La Base.\" \/>\n<meta name=\"robots\" content=\"index, follow, max-snippet:-1, max-image-preview:large, max-video-preview:-1\" \/>\n<link rel=\"canonical\" href=\"https:\/\/www.escuelalabase.com\/pt-br\/alquiler-de-equipos\/\" \/>\n<meta property=\"og:locale\" content=\"pt_BR\" \/>\n<meta property=\"og:type\" content=\"article\" \/>\n<meta property=\"og:title\" content=\"La Base Escuela de Ski &amp; Snowboard - Alquiler de equipos\" \/>\n<meta property=\"og:description\" content=\"Nuestro local se encuentra ubicado en el acceso a las pistas del Cerro Catedral, frente a la playa de estacionamiento, dentro del Complejo La Base.\" \/>\n<meta property=\"og:url\" content=\"https:\/\/www.escuelalabase.com\/pt-br\/alquiler-de-equipos\/\" \/>\n<meta property=\"og:site_name\" content=\"La Base Escuela de Ski &amp; Snowboard - Bariloche Patagonia\" \/>\n<meta property=\"article:modified_time\" content=\"2022-05-27T13:39:05+00:00\" \/>\n<meta name=\"twitter:card\" content=\"summary_large_image\" \/>\n<meta name=\"twitter:label1\" content=\"Est. tempo de leitura\" \/>\n\t<meta name=\"twitter:data1\" content=\"3 minutos\" \/>\n<script type=\"application\/ld+json\" class=\"yoast-schema-graph\">{\"@context\":\"https:\/\/schema.org\",\"@graph\":[{\"@type\":\"WebPage\",\"@id\":\"https:\/\/www.escuelalabase.com\/pt-br\/alquiler-de-equipos\/\",\"url\":\"https:\/\/www.escuelalabase.com\/pt-br\/alquiler-de-equipos\/\",\"name\":\"La Base Escuela de Ski & Snowboard - Alquiler de equipos\",\"isPartOf\":{\"@id\":\"https:\/\/www.escuelalabase.com\/#website\"},\"datePublished\":\"2017-06-02T17:02:48+00:00\",\"dateModified\":\"2022-05-27T13:39:05+00:00\",\"description\":\"Nuestro local se encuentra ubicado en el acceso a las pistas del Cerro Catedral, frente a la playa de estacionamiento, dentro del Complejo La Base.\",\"breadcrumb\":{\"@id\":\"https:\/\/www.escuelalabase.com\/pt-br\/alquiler-de-equipos\/#breadcrumb\"},\"inLanguage\":\"pt-BR\",\"potentialAction\":[{\"@type\":\"ReadAction\",\"target\":[\"https:\/\/www.escuelalabase.com\/pt-br\/alquiler-de-equipos\/\"]}]},{\"@type\":\"BreadcrumbList\",\"@id\":\"https:\/\/www.escuelalabase.com\/pt-br\/alquiler-de-equipos\/#breadcrumb\",\"itemListElement\":[{\"@type\":\"ListItem\",\"position\":1,\"name\":\"Portada\",\"item\":\"https:\/\/www.escuelalabase.com\/\"},{\"@type\":\"ListItem\",\"position\":2,\"name\":\"Aluguel de equipamentos\"}]},{\"@type\":\"WebSite\",\"@id\":\"https:\/\/www.escuelalabase.com\/#website\",\"url\":\"https:\/\/www.escuelalabase.com\/\",\"name\":\"La Base Escuela de Ski &amp; Snowboard - Bariloche Patagonia\",\"description\":\"\",\"potentialAction\":[{\"@type\":\"SearchAction\",\"target\":{\"@type\":\"EntryPoint\",\"urlTemplate\":\"https:\/\/www.escuelalabase.com\/?s={search_term_string}\"},\"query-input\":{\"@type\":\"PropertyValueSpecification\",\"valueRequired\":true,\"valueName\":\"search_term_string\"}}],\"inLanguage\":\"pt-BR\"}]}<\/script>\n<!-- \/ Yoast SEO plugin. -->","yoast_head_json":{"title":"La Base Escuela de Ski & Snowboard - Alquiler de equipos","description":"Nuestro local se encuentra ubicado en el acceso a las pistas del Cerro Catedral, frente a la playa de estacionamiento, dentro del Complejo La Base.","robots":{"index":"index","follow":"follow","max-snippet":"max-snippet:-1","max-image-preview":"max-image-preview:large","max-video-preview":"max-video-preview:-1"},"canonical":"https:\/\/www.escuelalabase.com\/pt-br\/alquiler-de-equipos\/","og_locale":"pt_BR","og_type":"article","og_title":"La Base Escuela de Ski & Snowboard - Alquiler de equipos","og_description":"Nuestro local se encuentra ubicado en el acceso a las pistas del Cerro Catedral, frente a la playa de estacionamiento, dentro del Complejo La Base.","og_url":"https:\/\/www.escuelalabase.com\/pt-br\/alquiler-de-equipos\/","og_site_name":"La Base Escuela de Ski &amp; Snowboard - Bariloche Patagonia","article_modified_time":"2022-05-27T13:39:05+00:00","twitter_card":"summary_large_image","twitter_misc":{"Est. tempo de leitura":"3 minutos"},"schema":{"@context":"https:\/\/schema.org","@graph":[{"@type":"WebPage","@id":"https:\/\/www.escuelalabase.com\/pt-br\/alquiler-de-equipos\/","url":"https:\/\/www.escuelalabase.com\/pt-br\/alquiler-de-equipos\/","name":"La Base Escuela de Ski & Snowboard - Alquiler de equipos","isPartOf":{"@id":"https:\/\/www.escuelalabase.com\/#website"},"datePublished":"2017-06-02T17:02:48+00:00","dateModified":"2022-05-27T13:39:05+00:00","description":"Nuestro local se encuentra ubicado en el acceso a las pistas del Cerro Catedral, frente a la playa de estacionamiento, dentro del Complejo La Base.","breadcrumb":{"@id":"https:\/\/www.escuelalabase.com\/pt-br\/alquiler-de-equipos\/#breadcrumb"},"inLanguage":"pt-BR","potentialAction":[{"@type":"ReadAction","target":["https:\/\/www.escuelalabase.com\/pt-br\/alquiler-de-equipos\/"]}]},{"@type":"BreadcrumbList","@id":"https:\/\/www.escuelalabase.com\/pt-br\/alquiler-de-equipos\/#breadcrumb","itemListElement":[{"@type":"ListItem","position":1,"name":"Portada","item":"https:\/\/www.escuelalabase.com\/"},{"@type":"ListItem","position":2,"name":"Aluguel de equipamentos"}]},{"@type":"WebSite","@id":"https:\/\/www.escuelalabase.com\/#website","url":"https:\/\/www.escuelalabase.com\/","name":"La Base Escuela de Ski &amp; Snowboard - Bariloche Patagonia","description":"","potentialAction":[{"@type":"SearchAction","target":{"@type":"EntryPoint","urlTemplate":"https:\/\/www.escuelalabase.com\/?s={search_term_string}"},"query-input":{"@type":"PropertyValueSpecification","valueRequired":true,"valueName":"search_term_string"}}],"inLanguage":"pt-BR"}]}},"_links":{"self":[{"href":"https:\/\/www.escuelalabase.com\/pt-br\/wp-json\/wp\/v2\/pages\/1046","targetHints":{"allow":["GET"]}}],"collection":[{"href":"https:\/\/www.escuelalabase.com\/pt-br\/wp-json\/wp\/v2\/pages"}],"about":[{"href":"https:\/\/www.escuelalabase.com\/pt-br\/wp-json\/wp\/v2\/types\/page"}],"author":[{"embeddable":true,"href":"https:\/\/www.escuelalabase.com\/pt-br\/wp-json\/wp\/v2\/users\/1"}],"replies":[{"embeddable":true,"href":"https:\/\/www.escuelalabase.com\/pt-br\/wp-json\/wp\/v2\/comments?post=1046"}],"version-history":[{"count":2,"href":"https:\/\/www.escuelalabase.com\/pt-br\/wp-json\/wp\/v2\/pages\/1046\/revisions"}],"predecessor-version":[{"id":2772,"href":"https:\/\/www.escuelalabase.com\/pt-br\/wp-json\/wp\/v2\/pages\/1046\/revisions\/2772"}],"wp:attachment":[{"href":"https:\/\/www.escuelalabase.com\/pt-br\/wp-json\/wp\/v2\/media?parent=1046"}],"curies":[{"name":"wp","href":"https:\/\/api.w.org\/{rel}","templated":true}]}}